{"id":1429,"date":"2021-12-29T09:49:13","date_gmt":"2021-12-29T07:49:13","guid":{"rendered":"https:\/\/www.retkietappi.fi\/river-rafting\/suuri-koskenlaskuseikkailu\/"},"modified":"2025-08-21T13:53:21","modified_gmt":"2025-08-21T10:53:21","slug":"great-whitewater-rafting","status":"publish","type":"page","link":"https:\/\/www.retkietappi.fi\/en\/whitewater-rafting\/great-whitewater-rafting\/","title":{"rendered":"Great Whitewater Rafting Adventure"},"content":{"rendered":"<h1>\n<p><span lang=\"en-GB\">Great Whitewater Rafting Adventure<\/span><\/p>\n<\/h1>\n<h2>\n<p><span lang=\"en-GB\">Great Whitewater Rafting Adventure<\/span><\/p>\n<\/h2>\n<div>\n<p><span lang=\"en-GB\">We will meet at Retkietappi, in Juuma, where we will gear up and the adventure will begin. We will start the adventure by conquering the Niskakoski rapid. According to the international rapid rating system, Niskakoski is a Class II rapid. Below Niskakoski opens the wildest stretch of our adventure! The Myllykoski rapid (III-IV) starts with a waterfall and there is a 5-metre drop over the next 50 metres, so there will be plenty of splashes ahead!<\/span><\/p>\n<p><span lang=\"en-GB\">After Myllykoski we will shoot down the biggest rapid of our trip. It is time for the famous one: Aallokkokoski! The drop over this almost 900-metre long Class IV rapid is 21 metres, so prepare for some high-speed rapid shooting! All paddlers will work as a team to cut through the haystack waves typical for Aallokkokoski. After the conquest of this wild rapid, the feeling of success is wonderful!<\/span><\/p>\n<p><span lang=\"en-GB\">We will pass the Jyr\u00e4v\u00e4 waterfall on foot and move downstream to watch the journey of the ghost boat down the foaming rapid. From the shore it is great to witness the power of the water in the fall.<\/span><\/p>\n<p><span lang=\"en-GB\">From Jyr\u00e4v\u00e4, our Great Whitewater Rafting Adventure will continue towards Harrisuvanto. We will shoot down several long Class I-II rapids, leisurely in a relaxing atmosphere. Here, the lower part of River Kitkajoki meanders through steep gorges and the rapids are quite long. We will take our time, float on downstream along River Kitkajoki and enjoy the tranquillity of nature.<\/span><\/p>\n<p><span lang=\"en-GB\">After three kilometres of rapid shooting we will stop at Harrisuvanto for a picnic lunch. We will make some campfire coffee and glow-fry sausages in the fire. After the break we will carry on for two kilometres to P\u00e4hk\u00e4n\u00e4.<\/span><\/p>\n<p><span lang=\"en-GB\">At P\u00e4hk\u00e4n\u00e4 we will hike up towards the car. The total distance of the hike is about one kilometre, but it includes a steep climb \u2013 participating in the hike requires reasonable physical fitness. Transport by car back to the starting point. <\/span><\/p>\n<p><span lang=\"en-GB\">Departures every day at 15:00 from Juuma, minimum group size 4 people<\/span><\/p>\n<p><span lang=\"en-GB\"><strong>Duration<\/strong> 4.5 h incl. transport<\/span><\/p>\n<p><span lang=\"en-GB\"><strong>Price<\/strong> \u20ac95 per adult<\/span><\/p>\n<p><span lang=\"en-GB\"><strong>Age limit<\/strong> K18<\/span><\/p>\n<p><span lang=\"en-GB\">The rafting price is inclusive of a picnic lunch, gear (rubber boots, rain pants and raincoat, PFD, helmet), transport back to the meeting place, a guide who is a trained rafting skipper, a rubber raft with paddles, insurances.<\/span><\/p>\n<\/div>\n<h1>Reservations<\/h1>\n<div><script type=\"text\/javascript\" src=\"https:\/\/widgets.bokun.io\/assets\/javascripts\/apps\/build\/BokunWidgetsLoader.js?bookingChannelUUID=826c2ce6-f5af-4a5a-bf3e-4efc87b1880b\" async><\/script><\/p>\n<div class=\"bokunWidget\" data-src=\"https:\/\/widgets.bokun.io\/online-sales\/826c2ce6-f5af-4a5a-bf3e-4efc87b1880b\/experience-calendar\/695948\"><\/div>\n<p>    <noscript>Please enable javascript in your browser to book<\/noscript>\n<\/div>\n<h2>\n<p><span lang=\"en-GB\">Tips for the Great Whitewater Rafting Adventure<\/span><\/p>\n<\/h2>\n<div>\n<ul>\n<li><span lang=\"en-GB\">For the moment, the splashing in the river is strong and your clothes can get wet despite the rainwear. You can bring a dry change of clothes with you \u2013 we recommend this particularly in cool weather. The rafts have waterproof bags\/barrels for your clothes.<\/span><\/li>\n<li><span lang=\"en-GB\">Please pack your phone and camera in a waterproof case if you want to bring them along on the trip. Customers are responsible for the safe-keeping of their phones, cameras and other sensitive equipment.<\/span><\/li>\n<li><span lang=\"en-GB\">Be sure to bring a drinking bottle for the adventure.<\/span><\/li>\n<li><span lang=\"en-GB\">Please note that the climb up from the riverside to the P\u00e4hk\u00e4n\u00e4kallio cliff is steep and requires good physical fitness. The hike from the riverside to the car is approximately one kilometre long.<\/span><\/li>\n<\/ul>\n<\/div>\n<p><img decoding=\"async\" data-src=\"\/wp-content\/uploads\/2022\/07\/jyrava-kuusamo-retkietappi.jpg\" alt=\"jyr\u00e4v\u00e4 kuusamo\" src=\"data:image\/svg+xml;base64,PHN2ZyB3aWR0aD0iMSIgaGVpZ2h0PSIxIiB4bWxucz0iaHR0cDovL3d3dy53My5vcmcvMjAwMC9zdmciPjwvc3ZnPg==\" class=\"lazyload\" style=\"--smush-placeholder-width: 600px; --smush-placeholder-aspect-ratio: 600\/800;\"><\/p>\n<p><!--more--><br \/>\n<!-- {\"type\":\"layout\",\"children\":[{\"type\":\"section\",\"props\":{\"header_transparent\":true,\"height\":\"viewport\",\"height_offset_top\":true,\"height_viewport\":80,\"image\":\"wp-content\\\/uploads\\\/2024\\\/05\\\/koskenlaskuseikkailu.jpg\",\"image_loading\":true,\"image_position\":\"center-center\",\"image_size\":\"cover\",\"media_overlay\":\"rgba(0, 0, 0, 0.07)\",\"padding\":\"xlarge\",\"style\":\"default\",\"text_color\":\"light\",\"title_breakpoint\":\"xl\",\"title_position\":\"top-left\",\"title_rotation\":\"left\",\"vertical_align\":\"middle\",\"width\":\"default\"},\"children\":[{\"type\":\"row\",\"children\":[{\"type\":\"column\",\"props\":{\"image_position\":\"center-center\",\"position_sticky_breakpoint\":\"m\"},\"children\":[{\"type\":\"headline\",\"props\":{\"content\":\"\n\n<p><span lang=\\\"en-GB\\\">Great Whitewater Rafting Adventure<\\\/span><\\\/p>\",\"text_align\":\"center\",\"title_element\":\"h1\",\"title_style\":\"heading-small\"}}]}]}]},{\"type\":\"section\",\"props\":{\"image_position\":\"center-center\",\"style\":\"default\",\"title_breakpoint\":\"xl\",\"title_position\":\"top-left\",\"title_rotation\":\"left\",\"vertical_align\":\"\",\"width\":\"default\"},\"children\":[{\"type\":\"row\",\"children\":[{\"type\":\"column\",\"props\":{\"image_position\":\"center-center\",\"position_sticky_breakpoint\":\"m\",\"width_medium\":\"2-3\"},\"children\":[{\"type\":\"headline\",\"props\":{\"content\":\"\n\n<p><span lang=\\\"en-GB\\\">Great Whitewater Rafting Adventure<\\\/span><\\\/p>\",\"title_element\":\"h2\",\"title_style\":\"h2\"}},{\"type\":\"text\",\"props\":{\"column_breakpoint\":\"m\",\"content\":\"\n\n<p><span lang=\\\"en-GB\\\">We will meet at Retkietappi, in Juuma, where we will gear up and the adventure will begin. We will start the adventure by conquering the Niskakoski rapid. According to the international rapid rating system, Niskakoski is a Class II rapid. Below Niskakoski opens the wildest stretch of our adventure! The Myllykoski rapid (III-IV) starts with a waterfall and there is a 5-metre drop over the next 50 metres, so there will be plenty of splashes ahead!<\\\/span><\\\/p>\\n\n\n<p><span lang=\\\"en-GB\\\">After Myllykoski we will shoot down the biggest rapid of our trip. It is time for the famous one: Aallokkokoski! The drop over this almost 900-metre long Class IV rapid is 21 metres, so prepare for some high-speed rapid shooting! All paddlers will work as a team to cut through the haystack waves typical for Aallokkokoski. After the conquest of this wild rapid, the feeling of success is wonderful!<\\\/span><\\\/p>\\n\n\n<p><span lang=\\\"en-GB\\\">We will pass the Jyr\\u00e4v\\u00e4 waterfall on foot and move downstream to watch the journey of the ghost boat down the foaming rapid. From the shore it is great to witness the power of the water in the fall.<\\\/span><\\\/p>\\n\n\n<p><span lang=\\\"en-GB\\\">From Jyr\\u00e4v\\u00e4, our Great Whitewater Rafting Adventure will continue towards Harrisuvanto. We will shoot down several long Class I-II rapids, leisurely in a relaxing atmosphere. Here, the lower part of River Kitkajoki meanders through steep gorges and the rapids are quite long. We will take our time, float on downstream along River Kitkajoki and enjoy the tranquillity of nature.<\\\/span><\\\/p>\\n\n\n<p><span lang=\\\"en-GB\\\">After three kilometres of rapid shooting we will stop at Harrisuvanto for a picnic lunch. We will make some campfire coffee and glow-fry sausages in the fire. After the break we will carry on for two kilometres to P\\u00e4hk\\u00e4n\\u00e4.<\\\/span><\\\/p>\\n\n\n<p><span lang=\\\"en-GB\\\">At P\\u00e4hk\\u00e4n\\u00e4 we will hike up towards the car. The total distance of the hike is about one kilometre, but it includes a steep climb \\u2013 participating in the hike requires reasonable physical fitness. Transport by car back to the starting point. <\\\/span><\\\/p>\\n\n\n<p><span lang=\\\"en-GB\\\">Departures every day at 15:00 from Juuma, minimum group size 4 people<\\\/span><\\\/p>\\n\n\n<p><span lang=\\\"en-GB\\\"><strong>Duration<\\\/strong> 4.5 h incl. transport<\\\/span><\\\/p>\\n\n\n<p><span lang=\\\"en-GB\\\"><strong>Price<\\\/strong> \\u20ac95 per adult<\\\/span><\\\/p>\\n\n\n<p><span lang=\\\"en-GB\\\"><strong>Age limit<\\\/strong> K18<\\\/span><\\\/p>\\n\n\n<p><span lang=\\\"en-GB\\\">The rafting price is inclusive of a picnic lunch, gear (rubber boots, rain pants and raincoat, PFD, helmet), transport back to the meeting place, a guide who is a trained rafting skipper, a rubber raft with paddles, insurances.<\\\/span><\\\/p>\",\"margin\":\"default\",\"margin_remove_bottom\":true}}]},{\"type\":\"column\",\"props\":{\"image_position\":\"center-center\",\"position_sticky_breakpoint\":\"m\",\"width_medium\":\"1-3\"},\"children\":[{\"type\":\"headline\",\"props\":{\"content\":\"Reservations\",\"title_decoration\":\"divider\",\"title_element\":\"h1\",\"title_style\":\"h3\"}},{\"type\":\"text\",\"props\":{\"column_breakpoint\":\"m\",\"content\":\"<script type=\\\"text\\\/javascript\\\" src=\\\"https:\\\/\\\/widgets.bokun.io\\\/assets\\\/javascripts\\\/apps\\\/build\\\/BokunWidgetsLoader.js?bookingChannelUUID=826c2ce6-f5af-4a5a-bf3e-4efc87b1880b\\\" async><\\\/script>\\n     \\n    \n\n<div class=\\\"bokunWidget\\\" data-src=\\\"https:\\\/\\\/widgets.bokun.io\\\/online-sales\\\/826c2ce6-f5af-4a5a-bf3e-4efc87b1880b\\\/experience-calendar\\\/695948\\\"><\\\/div>\\n    <noscript>Please enable javascript in your browser to book<\\\/noscript>\\n\",\"margin\":\"default\"}}]}],\"props\":{\"layout\":\"2-3,1-3\"}}]},{\"type\":\"section\",\"props\":{\"image_position\":\"center-center\",\"style\":\"secondary\",\"title_breakpoint\":\"xl\",\"title_position\":\"top-left\",\"title_rotation\":\"left\",\"vertical_align\":\"\",\"width\":\"default\"},\"children\":[{\"type\":\"row\",\"children\":[{\"type\":\"column\",\"props\":{\"image_position\":\"center-center\",\"position_sticky_breakpoint\":\"m\",\"width_medium\":\"3-4\"},\"children\":[{\"type\":\"headline\",\"props\":{\"content\":\"\n\n<p><span lang=\\\"en-GB\\\">Tips for the Great Whitewater Rafting Adventure<\\\/span><\\\/p>\",\"title_element\":\"h2\",\"title_style\":\"h2\"}},{\"type\":\"text\",\"props\":{\"column_breakpoint\":\"m\",\"content\":\"\n\n<ul>\\n\n\n<li><span lang=\\\"en-GB\\\">For the moment, the splashing in the river is strong and your clothes can get wet despite the rainwear. You can bring a dry change of clothes with you \\u2013 we recommend this particularly in cool weather. The rafts have waterproof bags\\\/barrels for your clothes.<\\\/span><\\\/li>\\n\n\n<li><span lang=\\\"en-GB\\\">Please pack your phone and camera in a waterproof case if you want to bring them along on the trip. Customers are responsible for the safe-keeping of their phones, cameras and other sensitive equipment.<\\\/span><\\\/li>\\n\n\n<li><span lang=\\\"en-GB\\\">Be sure to bring a drinking bottle for the adventure.<\\\/span><\\\/li>\\n\n\n<li><span lang=\\\"en-GB\\\">Please note that the climb up from the riverside to the P\\u00e4hk\\u00e4n\\u00e4kallio cliff is steep and requires good physical fitness. The hike from the riverside to the car is approximately one kilometre long.<\\\/span><\\\/li>\\n<\\\/ul>\",\"margin\":\"default\",\"margin_remove_bottom\":false,\"margin_remove_top\":false}}]},{\"type\":\"column\",\"props\":{\"image_position\":\"center-center\",\"position_sticky_breakpoint\":\"m\",\"width_medium\":\"1-4\"},\"children\":[{\"type\":\"image\",\"props\":{\"image\":\"wp-content\\\/uploads\\\/2022\\\/07\\\/jyrava-kuusamo-retkietappi.jpg\",\"image_alt\":\"jyr\\u00e4v\\u00e4 kuusamo\",\"image_svg_color\":\"emphasis\",\"margin\":\"default\"}}]}],\"props\":{\"layout\":\"3-4,1-4\"}}]}],\"version\":\"4.5.24\"} --><\/p>\n","protected":false},"excerpt":{"rendered":"<p>Great Whitewater Rafting Adventure Great Whitewater Rafting Adventure We will meet at Retkietappi, in Juuma, where we will gear up and the adventure will begin. We will start the adventure by conquering the Niskakoski rapid. According to the international rapid rating system, Niskakoski is a Class II rapid. Below Niskakoski opens the wildest stretch of [&hellip;]<\/p>\n","protected":false},"author":2,"featured_media":1348,"parent":1426,"menu_order":3,"comment_status":"closed","ping_status":"closed","template":"","meta":{"footnotes":""},"class_list":["post-1429","page","type-page","status-publish","has-post-thumbnail","hentry"],"yoast_head":"<!-- This site is optimized with the Yoast SEO plugin v26.6 - https:\/\/yoast.com\/wordpress\/plugins\/seo\/ -->\n<title>Great Whitewater Rafting Adventure - Retkietappi, Kuusamo, Finland<\/title>\n<meta name=\"description\" content=\"See the finest rapids of Kuusamo! Rapids are classified II - IV, so this will be exciting adventure in the wilderness. Age limit 18 y.\" \/>\n<meta name=\"robots\" content=\"index, follow, max-snippet:-1, max-image-preview:large, max-video-preview:-1\" \/>\n<link rel=\"canonical\" href=\"https:\/\/www.retkietappi.fi\/en\/whitewater-rafting\/great-whitewater-rafting\/\" \/>\n<meta property=\"og:locale\" content=\"en_US\" \/>\n<meta property=\"og:type\" content=\"article\" \/>\n<meta property=\"og:title\" content=\"Great Whitewater Rafting Adventure - Retkietappi, Kuusamo, Finland\" \/>\n<meta property=\"og:description\" content=\"See the finest rapids of Kuusamo! Rapids are classified II - IV, so this will be exciting adventure in the wilderness. Age limit 18 y.\" \/>\n<meta property=\"og:url\" content=\"https:\/\/www.retkietappi.fi\/en\/whitewater-rafting\/great-whitewater-rafting\/\" \/>\n<meta property=\"og:site_name\" content=\"Retkietappi, Karhunkierros, Kuusamo\" \/>\n<meta property=\"article:modified_time\" content=\"2025-08-21T10:53:21+00:00\" \/>\n<meta property=\"og:image\" content=\"https:\/\/www.retkietappi.fi\/wp-content\/uploads\/2021\/03\/myllykoski-ilmakuva.jpg\" \/>\n\t<meta property=\"og:image:width\" content=\"1920\" \/>\n\t<meta property=\"og:image:height\" content=\"900\" \/>\n\t<meta property=\"og:image:type\" content=\"image\/jpeg\" \/>\n<meta name=\"twitter:card\" content=\"summary_large_image\" \/>\n<meta name=\"twitter:label1\" content=\"Est. reading time\" \/>\n\t<meta name=\"twitter:data1\" content=\"3 minutes\" \/>\n<script type=\"application\/ld+json\" class=\"yoast-schema-graph\">{\"@context\":\"https:\/\/schema.org\",\"@graph\":[{\"@type\":\"WebPage\",\"@id\":\"https:\/\/www.retkietappi.fi\/en\/whitewater-rafting\/great-whitewater-rafting\/\",\"url\":\"https:\/\/www.retkietappi.fi\/en\/whitewater-rafting\/great-whitewater-rafting\/\",\"name\":\"Great Whitewater Rafting Adventure - Retkietappi, Kuusamo, Finland\",\"isPartOf\":{\"@id\":\"https:\/\/www.retkietappi.fi\/en\/#website\"},\"primaryImageOfPage\":{\"@id\":\"https:\/\/www.retkietappi.fi\/en\/whitewater-rafting\/great-whitewater-rafting\/#primaryimage\"},\"image\":{\"@id\":\"https:\/\/www.retkietappi.fi\/en\/whitewater-rafting\/great-whitewater-rafting\/#primaryimage\"},\"thumbnailUrl\":\"https:\/\/www.retkietappi.fi\/wp-content\/uploads\/2021\/03\/myllykoski-ilmakuva.jpg\",\"datePublished\":\"2021-12-29T07:49:13+00:00\",\"dateModified\":\"2025-08-21T10:53:21+00:00\",\"description\":\"See the finest rapids of Kuusamo! Rapids are classified II - IV, so this will be exciting adventure in the wilderness. Age limit 18 y.\",\"breadcrumb\":{\"@id\":\"https:\/\/www.retkietappi.fi\/en\/whitewater-rafting\/great-whitewater-rafting\/#breadcrumb\"},\"inLanguage\":\"en-US\",\"potentialAction\":[{\"@type\":\"ReadAction\",\"target\":[\"https:\/\/www.retkietappi.fi\/en\/whitewater-rafting\/great-whitewater-rafting\/\"]}]},{\"@type\":\"ImageObject\",\"inLanguage\":\"en-US\",\"@id\":\"https:\/\/www.retkietappi.fi\/en\/whitewater-rafting\/great-whitewater-rafting\/#primaryimage\",\"url\":\"https:\/\/www.retkietappi.fi\/wp-content\/uploads\/2021\/03\/myllykoski-ilmakuva.jpg\",\"contentUrl\":\"https:\/\/www.retkietappi.fi\/wp-content\/uploads\/2021\/03\/myllykoski-ilmakuva.jpg\",\"width\":1920,\"height\":900,\"caption\":\"Myllykoski ilmasta\"},{\"@type\":\"BreadcrumbList\",\"@id\":\"https:\/\/www.retkietappi.fi\/en\/whitewater-rafting\/great-whitewater-rafting\/#breadcrumb\",\"itemListElement\":[{\"@type\":\"ListItem\",\"position\":1,\"name\":\"Etusivu\",\"item\":\"https:\/\/www.retkietappi.fi\/en\/\"},{\"@type\":\"ListItem\",\"position\":2,\"name\":\"Whitewater Rafting\",\"item\":\"https:\/\/www.retkietappi.fi\/en\/whitewater-rafting\/\"},{\"@type\":\"ListItem\",\"position\":3,\"name\":\"Great Whitewater Rafting Adventure\"}]},{\"@type\":\"WebSite\",\"@id\":\"https:\/\/www.retkietappi.fi\/en\/#website\",\"url\":\"https:\/\/www.retkietappi.fi\/en\/\",\"name\":\"Retkietappi, Karhunkierros, Kuusamo\",\"description\":\"Majoitusta, kahvila ja koskenlaskua\",\"potentialAction\":[{\"@type\":\"SearchAction\",\"target\":{\"@type\":\"EntryPoint\",\"urlTemplate\":\"https:\/\/www.retkietappi.fi\/en\/?s={search_term_string}\"},\"query-input\":{\"@type\":\"PropertyValueSpecification\",\"valueRequired\":true,\"valueName\":\"search_term_string\"}}],\"inLanguage\":\"en-US\"}]}<\/script>\n<!-- \/ Yoast SEO plugin. -->","yoast_head_json":{"title":"Great Whitewater Rafting Adventure - Retkietappi, Kuusamo, Finland","description":"See the finest rapids of Kuusamo! Rapids are classified II - IV, so this will be exciting adventure in the wilderness. Age limit 18 y.","robots":{"index":"index","follow":"follow","max-snippet":"max-snippet:-1","max-image-preview":"max-image-preview:large","max-video-preview":"max-video-preview:-1"},"canonical":"https:\/\/www.retkietappi.fi\/en\/whitewater-rafting\/great-whitewater-rafting\/","og_locale":"en_US","og_type":"article","og_title":"Great Whitewater Rafting Adventure - Retkietappi, Kuusamo, Finland","og_description":"See the finest rapids of Kuusamo! Rapids are classified II - IV, so this will be exciting adventure in the wilderness. Age limit 18 y.","og_url":"https:\/\/www.retkietappi.fi\/en\/whitewater-rafting\/great-whitewater-rafting\/","og_site_name":"Retkietappi, Karhunkierros, Kuusamo","article_modified_time":"2025-08-21T10:53:21+00:00","og_image":[{"width":1920,"height":900,"url":"https:\/\/www.retkietappi.fi\/wp-content\/uploads\/2021\/03\/myllykoski-ilmakuva.jpg","type":"image\/jpeg"}],"twitter_card":"summary_large_image","twitter_misc":{"Est. reading time":"3 minutes"},"schema":{"@context":"https:\/\/schema.org","@graph":[{"@type":"WebPage","@id":"https:\/\/www.retkietappi.fi\/en\/whitewater-rafting\/great-whitewater-rafting\/","url":"https:\/\/www.retkietappi.fi\/en\/whitewater-rafting\/great-whitewater-rafting\/","name":"Great Whitewater Rafting Adventure - Retkietappi, Kuusamo, Finland","isPartOf":{"@id":"https:\/\/www.retkietappi.fi\/en\/#website"},"primaryImageOfPage":{"@id":"https:\/\/www.retkietappi.fi\/en\/whitewater-rafting\/great-whitewater-rafting\/#primaryimage"},"image":{"@id":"https:\/\/www.retkietappi.fi\/en\/whitewater-rafting\/great-whitewater-rafting\/#primaryimage"},"thumbnailUrl":"https:\/\/www.retkietappi.fi\/wp-content\/uploads\/2021\/03\/myllykoski-ilmakuva.jpg","datePublished":"2021-12-29T07:49:13+00:00","dateModified":"2025-08-21T10:53:21+00:00","description":"See the finest rapids of Kuusamo! Rapids are classified II - IV, so this will be exciting adventure in the wilderness. Age limit 18 y.","breadcrumb":{"@id":"https:\/\/www.retkietappi.fi\/en\/whitewater-rafting\/great-whitewater-rafting\/#breadcrumb"},"inLanguage":"en-US","potentialAction":[{"@type":"ReadAction","target":["https:\/\/www.retkietappi.fi\/en\/whitewater-rafting\/great-whitewater-rafting\/"]}]},{"@type":"ImageObject","inLanguage":"en-US","@id":"https:\/\/www.retkietappi.fi\/en\/whitewater-rafting\/great-whitewater-rafting\/#primaryimage","url":"https:\/\/www.retkietappi.fi\/wp-content\/uploads\/2021\/03\/myllykoski-ilmakuva.jpg","contentUrl":"https:\/\/www.retkietappi.fi\/wp-content\/uploads\/2021\/03\/myllykoski-ilmakuva.jpg","width":1920,"height":900,"caption":"Myllykoski ilmasta"},{"@type":"BreadcrumbList","@id":"https:\/\/www.retkietappi.fi\/en\/whitewater-rafting\/great-whitewater-rafting\/#breadcrumb","itemListElement":[{"@type":"ListItem","position":1,"name":"Etusivu","item":"https:\/\/www.retkietappi.fi\/en\/"},{"@type":"ListItem","position":2,"name":"Whitewater Rafting","item":"https:\/\/www.retkietappi.fi\/en\/whitewater-rafting\/"},{"@type":"ListItem","position":3,"name":"Great Whitewater Rafting Adventure"}]},{"@type":"WebSite","@id":"https:\/\/www.retkietappi.fi\/en\/#website","url":"https:\/\/www.retkietappi.fi\/en\/","name":"Retkietappi, Karhunkierros, Kuusamo","description":"Majoitusta, kahvila ja koskenlaskua","potentialAction":[{"@type":"SearchAction","target":{"@type":"EntryPoint","urlTemplate":"https:\/\/www.retkietappi.fi\/en\/?s={search_term_string}"},"query-input":{"@type":"PropertyValueSpecification","valueRequired":true,"valueName":"search_term_string"}}],"inLanguage":"en-US"}]}},"_links":{"self":[{"href":"https:\/\/www.retkietappi.fi\/en\/wp-json\/wp\/v2\/pages\/1429","targetHints":{"allow":["GET"]}}],"collection":[{"href":"https:\/\/www.retkietappi.fi\/en\/wp-json\/wp\/v2\/pages"}],"about":[{"href":"https:\/\/www.retkietappi.fi\/en\/wp-json\/wp\/v2\/types\/page"}],"author":[{"embeddable":true,"href":"https:\/\/www.retkietappi.fi\/en\/wp-json\/wp\/v2\/users\/2"}],"replies":[{"embeddable":true,"href":"https:\/\/www.retkietappi.fi\/en\/wp-json\/wp\/v2\/comments?post=1429"}],"version-history":[{"count":0,"href":"https:\/\/www.retkietappi.fi\/en\/wp-json\/wp\/v2\/pages\/1429\/revisions"}],"up":[{"embeddable":true,"href":"https:\/\/www.retkietappi.fi\/en\/wp-json\/wp\/v2\/pages\/1426"}],"wp:featuredmedia":[{"embeddable":true,"href":"https:\/\/www.retkietappi.fi\/en\/wp-json\/wp\/v2\/media\/1348"}],"wp:attachment":[{"href":"https:\/\/www.retkietappi.fi\/en\/wp-json\/wp\/v2\/media?parent=1429"}],"curies":[{"name":"wp","href":"https:\/\/api.w.org\/{rel}","templated":true}]}}